{"id":10220,"date":"2021-06-09T04:46:53","date_gmt":"2021-06-09T02:46:53","guid":{"rendered":"https:\/\/www.congen.de\/praezisionsmedizin\/"},"modified":"2024-07-24T09:41:49","modified_gmt":"2024-07-24T07:41:49","slug":"precision-medicine","status":"publish","type":"page","link":"https:\/\/www.congen.de\/en\/precision-medicine\/","title":{"rendered":"Precision Medicine"},"content":{"rendered":"<p>[et_pb_section fb_built=&#8221;1&#8243; fullwidth=&#8221;on&#8221; admin_label=&#8221;Header (Bild + Headlines)&#8221; _builder_version=&#8221;4.16&#8243; background_image=&#8221;https:\/\/www.congen.de\/wp-content\/uploads\/Congen-Personalisierte-Medizin\u00a9Dreamstime-MichaelBrown-2.jpg&#8221; global_colors_info=&#8221;{}&#8221;][et_pb_fullwidth_header title=&#8221;@ET-DC@eyJkeW5hbWljIjp0cnVlLCJjb250ZW50IjoicG9zdF90aXRsZSIsInNldHRpbmdzIjp7ImJlZm9yZSI6IiIsImFmdGVyIjoiIn19@&#8221; subhead=&#8221;Diagnostische Tests f\u00fcr zielgerichtete Therapien &#8221; button_one_text=&#8221;Testkits&#8221; button_one_url=&#8221;#Nachweise&#8221; button_two_text=&#8221;Qualit\u00e4t&#8221; button_two_url=&#8221;https:\/\/www.congen.de\/en\/quality-standards\/&#8221; content_max_width=&#8221;900px&#8221; admin_label=&#8221;Header Elemente&#8221; _builder_version=&#8221;4.16&#8243; _dynamic_attributes=&#8221;title,background_image&#8221; title_font=&#8221;|700||on|||||&#8221; title_font_size=&#8221;48px&#8221; title_line_height=&#8221;1.1em&#8221; content_text_align=&#8221;left&#8221; content_font_size=&#8221;24px&#8221; content_line_height=&#8221;1.5em&#8221; subhead_font=&#8221;||||||||&#8221; subhead_text_align=&#8221;left&#8221; subhead_font_size=&#8221;32px&#8221; subhead_line_height=&#8221;1.2em&#8221; background_color=&#8221;rgba(126,190,197,0)&#8221; use_background_color_gradient=&#8221;on&#8221; background_color_gradient_direction=&#8221;90deg&#8221; background_color_gradient_stops=&#8221;#056b9a 25%|rgba(5,107,154,0.3) 75%&#8221; background_color_gradient_overlays_image=&#8221;on&#8221; background_color_gradient_start=&#8221;#056b9a&#8221; background_color_gradient_start_position=&#8221;25%&#8221; background_color_gradient_end=&#8221;rgba(5,107,154,0.3)&#8221; background_color_gradient_end_position=&#8221;75%&#8221; background_image=&#8221;@ET-DC@eyJkeW5hbWljIjp0cnVlLCJjb250ZW50IjoicG9zdF9mZWF0dXJlZF9pbWFnZSIsInNldHRpbmdzIjp7fX0=@&#8221; custom_button_one=&#8221;on&#8221; button_one_text_color=&#8221;#056b9a&#8221; button_one_bg_color=&#8221;#ffffff&#8221; button_one_border_width=&#8221;2px&#8221; button_one_border_color=&#8221;#ffffff&#8221; button_one_letter_spacing=&#8221;1&#8243; button_one_font=&#8221;|500||on|||||&#8221; button_one_use_icon=&#8221;off&#8221; custom_button_two=&#8221;on&#8221; button_two_text_color=&#8221;#056b9a&#8221; button_two_bg_color=&#8221;#ffffff&#8221; button_two_border_color=&#8221;#ffffff&#8221; button_two_letter_spacing=&#8221;1&#8243; button_two_font=&#8221;|500||on|||||&#8221; button_two_use_icon=&#8221;off&#8221; custom_padding=&#8221;8vw||8vw||true|false&#8221; custom_padding_tablet=&#8221;||||false|false&#8221; custom_padding_phone=&#8221;6vw||6vw||true|false&#8221; custom_padding_last_edited=&#8221;on|phone&#8221; title_font_size_tablet=&#8221;36px&#8221; title_font_size_phone=&#8221;24px&#8221; title_font_size_last_edited=&#8221;on|phone&#8221; content_font_size_tablet=&#8221;18px&#8221; content_font_size_phone=&#8221;14px&#8221; content_font_size_last_edited=&#8221;on|phone&#8221; subhead_font_size_tablet=&#8221;24px&#8221; subhead_font_size_phone=&#8221;18px&#8221; subhead_font_size_last_edited=&#8221;on|desktop&#8221; button_one_text_size_tablet=&#8221;&#8221; button_one_text_size_phone=&#8221;14px&#8221; button_one_text_size_last_edited=&#8221;on|tablet&#8221; button_two_text_size_tablet=&#8221;&#8221; button_two_text_size_phone=&#8221;14px&#8221; button_two_text_size_last_edited=&#8221;on|tablet&#8221; custom_css_title=&#8221;margin-bottom: 0.5em;||padding: 0;&#8221; custom_css_subtitle=&#8221;margin-bottom: 1em;||padding: 0;&#8221; button_one_text_color_hover=&#8221;#ffffff&#8221; button_two_text_color_hover=&#8221;#ffffff&#8221; button_one_border_color_hover=&#8221;rgba(255,255,255,0)&#8221; button_two_border_color_hover=&#8221;rgba(255,255,255,0)&#8221; button_one_bg_color_hover=&#8221;rgba(255,255,255,0.33)&#8221; button_two_bg_color_hover=&#8221;rgba(255,255,255,0.33)&#8221; global_colors_info=&#8221;{}&#8221; button_one_text_size__hover_enabled=&#8221;off&#8221; button_two_text_size__hover_enabled=&#8221;off&#8221; button_one_text_color__hover_enabled=&#8221;on&#8221; button_one_text_color__hover=&#8221;#ffffff&#8221; button_two_text_color__hover_enabled=&#8221;on&#8221; button_two_text_color__hover=&#8221;#ffffff&#8221; button_one_border_width__hover_enabled=&#8221;off&#8221; button_two_border_width__hover_enabled=&#8221;off&#8221; button_one_border_color__hover_enabled=&#8221;on&#8221; button_one_border_color__hover=&#8221;rgba(255,255,255,0)&#8221; button_two_border_color__hover_enabled=&#8221;on&#8221; button_two_border_color__hover=&#8221;rgba(255,255,255,0)&#8221; button_one_border_radius__hover_enabled=&#8221;off&#8221; button_two_border_radius__hover_enabled=&#8221;off&#8221; button_one_letter_spacing__hover_enabled=&#8221;off&#8221; button_two_letter_spacing__hover_enabled=&#8221;off&#8221; button_one_bg_color__hover_enabled=&#8221;on&#8221; button_one_bg_color__hover=&#8221;rgba(255,255,255,0.33)&#8221; button_two_bg_color__hover_enabled=&#8221;on&#8221; button_two_bg_color__hover=&#8221;rgba(255,255,255,0.33)&#8221;]<\/p>\n<p class=\"cgn-header-txt\">\/\/ individuell &amp; effektiv<\/p>\n<p class=\"cgn-header-txt\">\/\/ hochspezifisch &amp; eindeutig<\/p>\n<p>[\/et_pb_fullwidth_header][\/et_pb_section][et_pb_section fb_built=&#8221;1&#8243; _builder_version=&#8221;4.16&#8243; _module_preset=&#8221;default&#8221; global_colors_info=&#8221;{}&#8221;][et_pb_row column_structure=&#8221;2_3,1_3&#8243; use_custom_gutter=&#8221;on&#8221; module_id=&#8221;CN-Products&#8221; _builder_version=&#8221;4.16&#8243; _module_preset=&#8221;default&#8221; global_colors_info=&#8221;{}&#8221;][et_pb_column type=&#8221;2_3&#8243; _builder_version=&#8221;4.16&#8243; _module_preset=&#8221;default&#8221; global_colors_info=&#8221;{}&#8221;][et_pb_text admin_label=&#8221;Introtext&#8221; _builder_version=&#8221;4.16&#8243; _module_preset=&#8221;default&#8221; global_colors_info=&#8221;{}&#8221;]<\/p>\n<h2>Pr\u00e4zisionsmedizin<\/h2>\n<p>Anspruch der modernen Gesundheitsforschung ist das h\u00f6chste Ma\u00df therapeutischer Wirksamkeit bei gleichzeitig minimalsten Nebenwirkungen. Aufgrund seiner individuellen genetischen Konstitution spricht jeder Mensch unterschiedlich auf eine medikament\u00f6se Therapie an. Die gro\u00dfen Fortschritte in der Grundlagenforschung in den letzten Jahren, inklusive Molekularbiologie, Genomik und Bioinformatik haben u.a. zum besseren Verst\u00e4ndnis molekularer Prozesse bei der Entstehung von Krankheiten gef\u00fchrt. In Kombination mit weiteren Informationen \u00fcber den Gesundheitszustand und den Lebensstil lassen sich neue Therapieformen ableiten. Die moderne Diagnostik versucht bei bestimmten Medikamenten oder Behandlungen anhand dieser Informationen genauer vorherzusagen, bei wem sie wirken und bei wem nicht. Das Ziel jeden Menschen entsprechend seiner Bed\u00fcrfnisse individuell behandeln zu k\u00f6nnen, ist damit n\u00e4her ger\u00fcckt.<\/p>\n<p>Derzeit werden stratifizierte Therapieformen entwickelt, was bedeutet, dass die Patienten in risikoangepasste Behandlungsgruppen geordnet werden, die auf molekularer Ebene unterschiedlich auf Medikamente ansprechen.<\/p>\n<p>Vor der Entscheidung, ob eine bestimmte Therapieform sinnvoll ist, findet eine genaue Diagnostik statt. Hier werden oft Daten aus Labortests herangezogen, die bestimmte Blutwerte messen oder Erbgutver\u00e4nderungen analysieren. Die Grundlage daf\u00fcr ist die Kenntnis \u00fcber bestimmte biologische Merkmale, kurz Biomarker. Viele dieser Biomarker sind erst seit kurzem bekannt. Mit real-time PCR lassen sich viele Biomarker einfach und ohne die Notwendigkeit einer Gewebeprobe (Biopsie) nachweisen. Der Begriff \u201ePersonalisierte Medizin\u201c bzw. Pr\u00e4zisionsmedizin wird daher haupts\u00e4chlich f\u00fcr die Anwendung bestimmter diagnostischer Tests verwendet, mit denen dann eine ausgew\u00e4hlte Therapie folgt.<\/p>\n<p>Vor dem Hintergrund aktueller Studien entwickelt <span style=\"color: #006699;\">CON<strong>GEN,<\/strong><\/span> sowohl in eigener Forschung als auch im Auftrag, hoch-spezifische diagnostische Schnelltestsysteme und unterst\u00fctzt auf diese Weise effizient das Therapiekonzept der personalisierten Medizin.<\/p>\n<p>Ein Beispiel ist der, in Zusammenarbeit mit HMNC Brain Health und dem Max-Planck-Institut f\u00fcr Psychatrie M\u00fcnchen und von <span style=\"color: #006699;\">CON<strong>GEN,<\/strong><\/span> entwickelte Multiplex real-time PCR zum Nachweis der ABCB1-Genvarianten (sogenannte SNPs, engl. <i>single nucleotide polymorphisms<\/i>). Dieser Test unterst\u00fctzt die Behandlung von Depressionen mit spezifischen Antidepressiva. Anhand der Genvarianten k\u00f6nnen Patienten identifiziert werden, bei denen viele der g\u00e4ngigen Antidepressiva die Blut-Hirn-Schranke weniger leicht passieren k\u00f6nnen und die daher schlechter auf die Therapie ansprechen. <!-- Besprecht mal mit Steffen, ob wir ABCB1 auff\u00fchren wollen. CONGEN ist nicht alleiniger Entwicklung. Schaut euch mal die Webseite zu RIDA PRECISION ABCB1 von R-Biopharm an. Da wird das als gemeinsame Entwicklung mit HMNC Brain Health und Max Planck Institut genannt. Mit STM besprochen, nehmen wir mit auf die Seite und schreiben, dass wir es entwickelt haben . --><\/p>\n<p>Ein weiteres Beispiel ist der Nachweis von HLA-B27 Subtypen mit real-time PCR. Das Humane Leukozyten-Antigen-B27 (HLA-B27) ist ein Zelloberfl\u00e4chenantigen dessen Funktion es ist, den T-Zellen bestimmte mikrobielle Antigene zu pr\u00e4sentieren. Der Test kann unterst\u00fctzend zur Diagnose von Patienten mit Verdacht auf eine chronische rheumatische Krankheit (Spondylitis ankylosans- auch Morbus Bechterew genannt) und andere Autoimmunkrankheiten eingesetzt werden.<\/p>\n<p>[\/et_pb_text][et_pb_text admin_label=&#8221;Subheadline Produkte&#8221; module_id=&#8221;Nachweise&#8221; _builder_version=&#8221;4.16&#8243; _module_preset=&#8221;default&#8221; global_colors_info=&#8221;{}&#8221;]<\/p>\n<h3>VERF\u00dcGBARE TESTKITS<\/h3>\n<p>[\/et_pb_text][et_pb_toggle title=&#8221;Genotypisierung&#8221; admin_label=&#8221;Umschalter Produktuntergruppe&#8221; _builder_version=&#8221;4.16&#8243; _module_preset=&#8221;default&#8221; global_colors_info=&#8221;{}&#8221;]<\/p>\n\n<table id=\"tablepress-PM-Geno\" class=\"tablepress tablepress-id-PM-Geno\">\n<thead>\n<tr class=\"row-1\">\n\t<th class=\"column-1\">Produktname<\/th><th class=\"column-2\">Markierung<\/th><th class=\"column-3\">Produktnummer<\/th>\n<\/tr>\n<\/thead>\n<tbody>\n<tr class=\"row-2\">\n\t<td class=\"column-1\">RIDA<sup>\u00ae<\/sup>GENE <span>HLA-B27<\/span><\/td><td class=\"column-2\"><\/td><td class=\"column-3\"><a href=\"https:\/\/r-biopharm.com\/contact\/\" class=\"cn-id-info\"><span>PY0205<\/span><span data-balloon-length=\"order\" aria-label=\"inquiry & order\" data-balloon-pos=\"down-right\" ><i class=\"far fa-arrow-alt-circle-right\"><\/i><\/span><\/a><\/td>\n<\/tr>\n<\/tbody>\n<\/table>\n<!-- #tablepress-PM-Geno from cache -->\n<p>[\/et_pb_toggle][et_pb_toggle title=&#8221;Therapeutische Diagnostik&#8221; admin_label=&#8221;Umschalter Produktuntergruppe&#8221; _builder_version=&#8221;4.16&#8243; _module_preset=&#8221;default&#8221; global_colors_info=&#8221;{}&#8221;]<\/p>\n\n<table id=\"tablepress-PM-Thera\" class=\"tablepress tablepress-id-PM-Thera\">\n<thead>\n<tr class=\"row-1\">\n\t<th class=\"column-1\">Produktname<\/th><th class=\"column-2\">Markierung<\/th><th class=\"column-3\">Produktnummer<\/th>\n<\/tr>\n<\/thead>\n<tbody>\n<tr class=\"row-2\">\n\t<td class=\"column-1\">RIDA<sup>\u00ae<\/sup>PRECISION <span>ABCB1<\/span><\/td><td class=\"column-2\"><\/td><td class=\"column-3\"><a href=\"https:\/\/r-biopharm.com\/contact\/\" class=\"cn-id-info\"><span>Y5500<\/span><span data-balloon-length=\"order\" aria-label=\"inquiry & order\" data-balloon-pos=\"down-right\" ><i class=\"far fa-arrow-alt-circle-right\"><\/i><\/span><\/a><\/td>\n<\/tr>\n<\/tbody>\n<\/table>\n<!-- #tablepress-PM-Thera from cache -->\n<p>[\/et_pb_toggle][\/et_pb_column][et_pb_column type=&#8221;1_3&#8243; _builder_version=&#8221;4.16&#8243; _module_preset=&#8221;default&#8221; global_colors_info=&#8221;{}&#8221;][et_pb_text admin_label=&#8221;CTA R-Biopharm (Text)&#8221; module_id=&#8221;CN-CTA-Text&#8221; _builder_version=&#8221;4.9.4&#8243; _module_preset=&#8221;default&#8221; header_text_color=&#8221;#056B9A&#8221; header_3_font=&#8221;|||on|||||&#8221; header_3_text_color=&#8221;#333333&#8243; background_color=&#8221;#f4f4f4&#8243; custom_margin=&#8221;||3px||false|false&#8221; custom_padding=&#8221;25px|25px|25px|25px|true|true&#8221; global_module=&#8221;6733&#8243; global_colors_info=&#8221;{}&#8221;]<\/p>\n<p class=\"cn-textlogo\"><img decoding=\"async\" title=\"R-Biopharm\" src=\"https:\/\/www.congen.de\/wp-content\/uploads\/CONGEN-R-Biopharm.png\" alt=\"R-Biopharm\" \/><\/p>\n<p style=\"text-align: justify;\">Sie interessieren sich f\u00fcr weiterf\u00fchrende Informationen zu einem oder mehreren der entwickelten Nachweiskits? Sie m\u00f6chten ausgew\u00e4hlte Kits bestellen?<\/p>\n<p style=\"text-align: justify;\">Wenden Sie sich vertrauensvoll an unseren\u00a0 Vertriebspartner R-Biopharm.<\/p>\n<p>[\/et_pb_text][et_pb_button button_url=&#8221;https:\/\/food.r-biopharm.com\/de\/kontakt\/&#8221; url_new_window=&#8221;on&#8221; button_text=&#8221;Testkits kaufen&#8221; button_alignment=&#8221;center&#8221; admin_label=&#8221;CTA R-Biopharm (Button)&#8221; _builder_version=&#8221;4.9.4&#8243; _module_preset=&#8221;default&#8221; custom_button=&#8221;on&#8221; button_bg_color=&#8221;#333333&#8243; button_use_icon=&#8221;off&#8221; background_layout=&#8221;dark&#8221; custom_margin=&#8221;0px||0px||true|false&#8221; button_bg_color_tablet=&#8221;&#8221; button_bg_color_phone=&#8221;&#8221; button_bg_color_last_edited=&#8221;on|desktop&#8221; custom_css_main_element=&#8221;width: 100%;||text-align: center;&#8221; global_module=&#8221;6752&#8243; global_colors_info=&#8221;{}&#8221; button_bg_color__hover_enabled=&#8221;on|hover&#8221; button_bg_color__hover=&#8221;rgba(51,51,51,0.7)&#8221; button_bg_enable_color__hover=&#8221;on&#8221;][\/et_pb_button][\/et_pb_column][\/et_pb_row][\/et_pb_section]<\/p>\n","protected":false},"excerpt":{"rendered":"<p>\/\/ individuell &amp; effektiv \/\/ hochspezifisch &amp; eindeutig Pr\u00e4zisionsmedizin Anspruch der modernen Gesundheitsforschung ist das h\u00f6chste Ma\u00df therapeutischer Wirksamkeit bei gleichzeitig minimalsten Nebenwirkungen. Aufgrund seiner individuellen genetischen Konstitution spricht jeder Mensch unterschiedlich auf eine medikament\u00f6se Therapie an. Die gro\u00dfen Fortschritte in der Grundlagenforschung in den letzten Jahren, inklusive Molekularbiologie, Genomik und Bioinformatik haben u.a. zum [&hellip;]<\/p>\n","protected":false},"author":1,"featured_media":0,"parent":0,"menu_order":7,"comment_status":"closed","ping_status":"closed","template":"","meta":{"_acf_changed":false,"_et_pb_use_builder":"on","_et_pb_old_content":"","_et_gb_content_width":"","_relevanssi_hide_post":"","_relevanssi_hide_content":"","_relevanssi_pin_for_all":"","_relevanssi_pin_keywords":"","_relevanssi_unpin_keywords":"","_relevanssi_related_keywords":"","_relevanssi_related_include_ids":"","_relevanssi_related_exclude_ids":"","_relevanssi_related_no_append":"","_relevanssi_related_not_related":"","_relevanssi_related_posts":"","_relevanssi_noindex_reason":"","_monsterinsights_skip_tracking":false,"_monsterinsights_sitenote_active":false,"_monsterinsights_sitenote_note":"","_monsterinsights_sitenote_category":0,"footnotes":""},"class_list":["post-10220","page","type-page","status-publish","hentry"],"acf":[],"yoast_head":"<!-- This site is optimized with the Yoast SEO plugin v26.3 - https:\/\/yoast.com\/wordpress\/plugins\/seo\/ -->\n<title>Precision Medicine - CONGEN<\/title>\n<meta name=\"description\" content=\"Precision medicine from genotyping to biomarkers: diagnostic tests that can enable selected and personalized therapies.\" \/>\n<meta name=\"robots\" content=\"index, follow, max-snippet:-1, max-image-preview:large, max-video-preview:-1\" \/>\n<link rel=\"canonical\" href=\"https:\/\/www.congen.de\/en\/precision-medicine\/\" \/>\n<meta property=\"og:locale\" content=\"en_US\" \/>\n<meta property=\"og:type\" content=\"article\" \/>\n<meta property=\"og:title\" content=\"Precision Medicine - CONGEN\" \/>\n<meta property=\"og:description\" content=\"Precision medicine from genotyping to biomarkers: diagnostic tests that can enable selected and personalized therapies.\" \/>\n<meta property=\"og:url\" content=\"https:\/\/www.congen.de\/en\/precision-medicine\/\" \/>\n<meta property=\"og:site_name\" content=\"CONGEN\" \/>\n<meta property=\"article:modified_time\" content=\"2024-07-24T07:41:49+00:00\" \/>\n<meta property=\"og:image\" content=\"https:\/\/www.congen.de\/wp-content\/uploads\/CONGEN-R-Biopharm.png\" \/>\n<meta name=\"twitter:card\" content=\"summary_large_image\" \/>\n<meta name=\"twitter:label1\" content=\"Est. reading time\" \/>\n\t<meta name=\"twitter:data1\" content=\"7 minutes\" \/>\n<script type=\"application\/ld+json\" class=\"yoast-schema-graph\">{\"@context\":\"https:\/\/schema.org\",\"@graph\":[{\"@type\":\"WebPage\",\"@id\":\"https:\/\/www.congen.de\/en\/precision-medicine\/\",\"url\":\"https:\/\/www.congen.de\/en\/precision-medicine\/\",\"name\":\"Precision Medicine - CONGEN\",\"isPartOf\":{\"@id\":\"https:\/\/www.congen.de\/en\/#website\"},\"primaryImageOfPage\":{\"@id\":\"https:\/\/www.congen.de\/en\/precision-medicine\/#primaryimage\"},\"image\":{\"@id\":\"https:\/\/www.congen.de\/en\/precision-medicine\/#primaryimage\"},\"thumbnailUrl\":\"https:\/\/www.congen.de\/wp-content\/uploads\/CONGEN-R-Biopharm.png\",\"datePublished\":\"2021-06-09T02:46:53+00:00\",\"dateModified\":\"2024-07-24T07:41:49+00:00\",\"description\":\"Precision medicine from genotyping to biomarkers: diagnostic tests that can enable selected and personalized therapies.\",\"breadcrumb\":{\"@id\":\"https:\/\/www.congen.de\/en\/precision-medicine\/#breadcrumb\"},\"inLanguage\":\"en-US\",\"potentialAction\":[{\"@type\":\"ReadAction\",\"target\":[\"https:\/\/www.congen.de\/en\/precision-medicine\/\"]}]},{\"@type\":\"ImageObject\",\"inLanguage\":\"en-US\",\"@id\":\"https:\/\/www.congen.de\/en\/precision-medicine\/#primaryimage\",\"url\":\"https:\/\/www.congen.de\/wp-content\/uploads\/CONGEN-R-Biopharm.png\",\"contentUrl\":\"https:\/\/www.congen.de\/wp-content\/uploads\/CONGEN-R-Biopharm.png\"},{\"@type\":\"BreadcrumbList\",\"@id\":\"https:\/\/www.congen.de\/en\/precision-medicine\/#breadcrumb\",\"itemListElement\":[{\"@type\":\"ListItem\",\"position\":1,\"name\":\"Home\",\"item\":\"https:\/\/www.congen.de\/en\/\"},{\"@type\":\"ListItem\",\"position\":2,\"name\":\"Precision Medicine\"}]},{\"@type\":\"WebSite\",\"@id\":\"https:\/\/www.congen.de\/en\/#website\",\"url\":\"https:\/\/www.congen.de\/en\/\",\"name\":\"CONGEN\",\"description\":\"CONGEN Biotechnologie GmbH\",\"potentialAction\":[{\"@type\":\"SearchAction\",\"target\":{\"@type\":\"EntryPoint\",\"urlTemplate\":\"https:\/\/www.congen.de\/en\/?s={search_term_string}\"},\"query-input\":{\"@type\":\"PropertyValueSpecification\",\"valueRequired\":true,\"valueName\":\"search_term_string\"}}],\"inLanguage\":\"en-US\"}]}<\/script>\n<!-- \/ Yoast SEO plugin. -->","yoast_head_json":{"title":"Precision Medicine - CONGEN","description":"Precision medicine from genotyping to biomarkers: diagnostic tests that can enable selected and personalized therapies.","robots":{"index":"index","follow":"follow","max-snippet":"max-snippet:-1","max-image-preview":"max-image-preview:large","max-video-preview":"max-video-preview:-1"},"canonical":"https:\/\/www.congen.de\/en\/precision-medicine\/","og_locale":"en_US","og_type":"article","og_title":"Precision Medicine - CONGEN","og_description":"Precision medicine from genotyping to biomarkers: diagnostic tests that can enable selected and personalized therapies.","og_url":"https:\/\/www.congen.de\/en\/precision-medicine\/","og_site_name":"CONGEN","article_modified_time":"2024-07-24T07:41:49+00:00","og_image":[{"url":"https:\/\/www.congen.de\/wp-content\/uploads\/CONGEN-R-Biopharm.png","type":"","width":"","height":""}],"twitter_card":"summary_large_image","twitter_misc":{"Est. reading time":"7 minutes"},"schema":{"@context":"https:\/\/schema.org","@graph":[{"@type":"WebPage","@id":"https:\/\/www.congen.de\/en\/precision-medicine\/","url":"https:\/\/www.congen.de\/en\/precision-medicine\/","name":"Precision Medicine - CONGEN","isPartOf":{"@id":"https:\/\/www.congen.de\/en\/#website"},"primaryImageOfPage":{"@id":"https:\/\/www.congen.de\/en\/precision-medicine\/#primaryimage"},"image":{"@id":"https:\/\/www.congen.de\/en\/precision-medicine\/#primaryimage"},"thumbnailUrl":"https:\/\/www.congen.de\/wp-content\/uploads\/CONGEN-R-Biopharm.png","datePublished":"2021-06-09T02:46:53+00:00","dateModified":"2024-07-24T07:41:49+00:00","description":"Precision medicine from genotyping to biomarkers: diagnostic tests that can enable selected and personalized therapies.","breadcrumb":{"@id":"https:\/\/www.congen.de\/en\/precision-medicine\/#breadcrumb"},"inLanguage":"en-US","potentialAction":[{"@type":"ReadAction","target":["https:\/\/www.congen.de\/en\/precision-medicine\/"]}]},{"@type":"ImageObject","inLanguage":"en-US","@id":"https:\/\/www.congen.de\/en\/precision-medicine\/#primaryimage","url":"https:\/\/www.congen.de\/wp-content\/uploads\/CONGEN-R-Biopharm.png","contentUrl":"https:\/\/www.congen.de\/wp-content\/uploads\/CONGEN-R-Biopharm.png"},{"@type":"BreadcrumbList","@id":"https:\/\/www.congen.de\/en\/precision-medicine\/#breadcrumb","itemListElement":[{"@type":"ListItem","position":1,"name":"Home","item":"https:\/\/www.congen.de\/en\/"},{"@type":"ListItem","position":2,"name":"Precision Medicine"}]},{"@type":"WebSite","@id":"https:\/\/www.congen.de\/en\/#website","url":"https:\/\/www.congen.de\/en\/","name":"CONGEN","description":"CONGEN Biotechnologie GmbH","potentialAction":[{"@type":"SearchAction","target":{"@type":"EntryPoint","urlTemplate":"https:\/\/www.congen.de\/en\/?s={search_term_string}"},"query-input":{"@type":"PropertyValueSpecification","valueRequired":true,"valueName":"search_term_string"}}],"inLanguage":"en-US"}]}},"publishpress_future_action":{"enabled":false,"date":"2026-04-21 07:53:45","action":"change-status","newStatus":"draft","terms":[],"taxonomy":"translation_priority","extraData":[]},"publishpress_future_workflow_manual_trigger":{"enabledWorkflows":[]},"_links":{"self":[{"href":"https:\/\/www.congen.de\/en\/wp-json\/wp\/v2\/pages\/10220","targetHints":{"allow":["GET"]}}],"collection":[{"href":"https:\/\/www.congen.de\/en\/wp-json\/wp\/v2\/pages"}],"about":[{"href":"https:\/\/www.congen.de\/en\/wp-json\/wp\/v2\/types\/page"}],"author":[{"embeddable":true,"href":"https:\/\/www.congen.de\/en\/wp-json\/wp\/v2\/users\/1"}],"replies":[{"embeddable":true,"href":"https:\/\/www.congen.de\/en\/wp-json\/wp\/v2\/comments?post=10220"}],"version-history":[{"count":6,"href":"https:\/\/www.congen.de\/en\/wp-json\/wp\/v2\/pages\/10220\/revisions"}],"predecessor-version":[{"id":11805,"href":"https:\/\/www.congen.de\/en\/wp-json\/wp\/v2\/pages\/10220\/revisions\/11805"}],"wp:attachment":[{"href":"https:\/\/www.congen.de\/en\/wp-json\/wp\/v2\/media?parent=10220"}],"curies":[{"name":"wp","href":"https:\/\/api.w.org\/{rel}","templated":true}]}}